{"id":129,"date":"2020-12-08T09:57:00","date_gmt":"2020-12-08T09:57:00","guid":{"rendered":"https:\/\/locationrosasespagne.monsite.uno\/?page_id=129"},"modified":"2025-01-23T09:35:36","modified_gmt":"2025-01-23T09:35:36","slug":"appartement-1","status":"publish","type":"page","link":"https:\/\/location-rosas-espagne.com\/index.php\/appartement-1\/","title":{"rendered":"APPARTEMENT 1"},"content":{"rendered":"\t\t<div data-elementor-type=\"wp-page\" data-elementor-id=\"129\" class=\"elementor elementor-129\">\n\t\t\t\t\t\t<section class=\"elementor-section elementor-top-section elementor-element elementor-element-a5f77be elementor-section-boxed elementor-section-height-default elementor-section-height-default\" data-id=\"a5f77be\" data-element_type=\"section\" data-e-type=\"section\">\n\t\t\t\t\t\t<div class=\"elementor-container elementor-column-gap-default\">\n\t\t\t\t\t<div class=\"elementor-column elementor-col-33 elementor-top-column elementor-element elementor-element-f443c7f\" data-id=\"f443c7f\" data-element_type=\"column\" data-e-type=\"column\">\n\t\t\t<div class=\"elementor-widget-wrap elementor-element-populated\">\n\t\t\t\t\t\t<div class=\"elementor-element elementor-element-746d41f elementor-widget elementor-widget-image\" data-id=\"746d41f\" data-element_type=\"widget\" data-e-type=\"widget\" data-widget_type=\"image.default\">\n\t\t\t\t<div class=\"elementor-widget-container\">\n\t\t\t\t\t\t\t\t\t\t\t\t\t\t\t<img fetchpriority=\"high\" decoding=\"async\" width=\"1024\" height=\"768\" src=\"https:\/\/location-rosas-espagne.com\/wp-content\/uploads\/2020\/12\/Photo3102-cuisine-vue-du-salon-1024x768.jpg\" class=\"attachment-large size-large wp-image-318\" alt=\"\" srcset=\"https:\/\/location-rosas-espagne.com\/wp-content\/uploads\/2020\/12\/Photo3102-cuisine-vue-du-salon-1024x768.jpg 1024w, https:\/\/location-rosas-espagne.com\/wp-content\/uploads\/2020\/12\/Photo3102-cuisine-vue-du-salon-300x225.jpg 300w, https:\/\/location-rosas-espagne.com\/wp-content\/uploads\/2020\/12\/Photo3102-cuisine-vue-du-salon-768x576.jpg 768w, https:\/\/location-rosas-espagne.com\/wp-content\/uploads\/2020\/12\/Photo3102-cuisine-vue-du-salon-1536x1152.jpg 1536w, https:\/\/location-rosas-espagne.com\/wp-content\/uploads\/2020\/12\/Photo3102-cuisine-vue-du-salon-2048x1536.jpg 2048w\" sizes=\"(max-width: 1024px) 100vw, 1024px\" \/>\t\t\t\t\t\t\t\t\t\t\t\t\t\t\t<\/div>\n\t\t\t\t<\/div>\n\t\t\t\t\t<\/div>\n\t\t<\/div>\n\t\t\t\t<div class=\"elementor-column elementor-col-33 elementor-top-column elementor-element elementor-element-000f86a\" data-id=\"000f86a\" data-element_type=\"column\" data-e-type=\"column\">\n\t\t\t<div class=\"elementor-widget-wrap elementor-element-populated\">\n\t\t\t\t\t\t<div class=\"elementor-element elementor-element-8778c77 elementor-widget elementor-widget-image\" data-id=\"8778c77\" data-element_type=\"widget\" data-e-type=\"widget\" data-widget_type=\"image.default\">\n\t\t\t\t<div class=\"elementor-widget-container\">\n\t\t\t\t\t\t\t\t\t\t\t\t\t\t\t<img decoding=\"async\" width=\"270\" height=\"202\" src=\"https:\/\/location-rosas-espagne.com\/wp-content\/uploads\/2020\/12\/photo-cuisine2.jpg\" class=\"attachment-1536x1536 size-1536x1536 wp-image-329\" alt=\"\" \/>\t\t\t\t\t\t\t\t\t\t\t\t\t\t\t<\/div>\n\t\t\t\t<\/div>\n\t\t\t\t\t<\/div>\n\t\t<\/div>\n\t\t\t\t<div class=\"elementor-column elementor-col-33 elementor-top-column elementor-element elementor-element-8abf10f\" data-id=\"8abf10f\" data-element_type=\"column\" data-e-type=\"column\">\n\t\t\t<div class=\"elementor-widget-wrap elementor-element-populated\">\n\t\t\t\t\t\t<div class=\"elementor-element elementor-element-bf24619 elementor-widget elementor-widget-image\" data-id=\"bf24619\" data-element_type=\"widget\" data-e-type=\"widget\" data-widget_type=\"image.default\">\n\t\t\t\t<div class=\"elementor-widget-container\">\n\t\t\t\t\t\t\t\t\t\t\t\t\t\t\t<img decoding=\"async\" width=\"1024\" height=\"768\" src=\"https:\/\/location-rosas-espagne.com\/wp-content\/uploads\/2021\/02\/Photo-3102-cuisine-entree.jpg\" class=\"attachment-large size-large wp-image-948\" alt=\"\" srcset=\"https:\/\/location-rosas-espagne.com\/wp-content\/uploads\/2021\/02\/Photo-3102-cuisine-entree.jpg 1024w, https:\/\/location-rosas-espagne.com\/wp-content\/uploads\/2021\/02\/Photo-3102-cuisine-entree-300x225.jpg 300w, https:\/\/location-rosas-espagne.com\/wp-content\/uploads\/2021\/02\/Photo-3102-cuisine-entree-768x576.jpg 768w\" sizes=\"(max-width: 1024px) 100vw, 1024px\" \/>\t\t\t\t\t\t\t\t\t\t\t\t\t\t\t<\/div>\n\t\t\t\t<\/div>\n\t\t\t\t\t<\/div>\n\t\t<\/div>\n\t\t\t\t\t<\/div>\n\t\t<\/section>\n\t\t\t\t<section class=\"elementor-section elementor-top-section elementor-element elementor-element-423ec94 elementor-section-boxed elementor-section-height-default elementor-section-height-default\" data-id=\"423ec94\" data-element_type=\"section\" data-e-type=\"section\">\n\t\t\t\t\t\t<div class=\"elementor-container elementor-column-gap-default\">\n\t\t\t\t\t<div class=\"elementor-column elementor-col-50 elementor-top-column elementor-element elementor-element-c06e554\" data-id=\"c06e554\" data-element_type=\"column\" data-e-type=\"column\">\n\t\t\t<div class=\"elementor-widget-wrap elementor-element-populated\">\n\t\t\t\t\t\t<div class=\"elementor-element elementor-element-6320732 elementor-widget elementor-widget-image\" data-id=\"6320732\" data-element_type=\"widget\" data-e-type=\"widget\" data-widget_type=\"image.default\">\n\t\t\t\t<div class=\"elementor-widget-container\">\n\t\t\t\t\t\t\t\t\t\t\t\t\t\t\t<img loading=\"lazy\" decoding=\"async\" width=\"1024\" height=\"768\" src=\"https:\/\/location-rosas-espagne.com\/wp-content\/uploads\/2020\/12\/Photo3102-Salon-Table-Tele.cuisine-vue-de-terasse-1024x768.jpg\" class=\"attachment-large size-large wp-image-319\" alt=\"\" srcset=\"https:\/\/location-rosas-espagne.com\/wp-content\/uploads\/2020\/12\/Photo3102-Salon-Table-Tele.cuisine-vue-de-terasse-1024x768.jpg 1024w, https:\/\/location-rosas-espagne.com\/wp-content\/uploads\/2020\/12\/Photo3102-Salon-Table-Tele.cuisine-vue-de-terasse-300x225.jpg 300w, https:\/\/location-rosas-espagne.com\/wp-content\/uploads\/2020\/12\/Photo3102-Salon-Table-Tele.cuisine-vue-de-terasse-768x576.jpg 768w, https:\/\/location-rosas-espagne.com\/wp-content\/uploads\/2020\/12\/Photo3102-Salon-Table-Tele.cuisine-vue-de-terasse-1536x1152.jpg 1536w, https:\/\/location-rosas-espagne.com\/wp-content\/uploads\/2020\/12\/Photo3102-Salon-Table-Tele.cuisine-vue-de-terasse-2048x1536.jpg 2048w\" sizes=\"(max-width: 1024px) 100vw, 1024px\" \/>\t\t\t\t\t\t\t\t\t\t\t\t\t\t\t<\/div>\n\t\t\t\t<\/div>\n\t\t\t\t\t<\/div>\n\t\t<\/div>\n\t\t\t\t<div class=\"elementor-column elementor-col-50 elementor-top-column elementor-element elementor-element-dff60ab\" data-id=\"dff60ab\" data-element_type=\"column\" data-e-type=\"column\">\n\t\t\t<div class=\"elementor-widget-wrap elementor-element-populated\">\n\t\t\t\t\t\t<div class=\"elementor-element elementor-element-3de6ef7 elementor-widget elementor-widget-image\" data-id=\"3de6ef7\" data-element_type=\"widget\" data-e-type=\"widget\" data-widget_type=\"image.default\">\n\t\t\t\t<div class=\"elementor-widget-container\">\n\t\t\t\t\t\t\t\t\t\t\t\t\t\t\t<img loading=\"lazy\" decoding=\"async\" width=\"939\" height=\"528\" src=\"https:\/\/location-rosas-espagne.com\/wp-content\/uploads\/2020\/12\/Capture-decran-Photo3102-Salon-Table-Tele-1.png\" class=\"attachment-large size-large wp-image-346\" alt=\"\" srcset=\"https:\/\/location-rosas-espagne.com\/wp-content\/uploads\/2020\/12\/Capture-decran-Photo3102-Salon-Table-Tele-1.png 939w, https:\/\/location-rosas-espagne.com\/wp-content\/uploads\/2020\/12\/Capture-decran-Photo3102-Salon-Table-Tele-1-300x169.png 300w, https:\/\/location-rosas-espagne.com\/wp-content\/uploads\/2020\/12\/Capture-decran-Photo3102-Salon-Table-Tele-1-768x432.png 768w\" sizes=\"(max-width: 939px) 100vw, 939px\" \/>\t\t\t\t\t\t\t\t\t\t\t\t\t\t\t<\/div>\n\t\t\t\t<\/div>\n\t\t\t\t\t<\/div>\n\t\t<\/div>\n\t\t\t\t\t<\/div>\n\t\t<\/section>\n\t\t\t\t<section class=\"elementor-section elementor-top-section elementor-element elementor-element-6f024d0 elementor-section-boxed elementor-section-height-default elementor-section-height-default\" data-id=\"6f024d0\" data-element_type=\"section\" data-e-type=\"section\">\n\t\t\t\t\t\t<div class=\"elementor-container elementor-column-gap-default\">\n\t\t\t\t\t<div class=\"elementor-column elementor-col-50 elementor-top-column elementor-element elementor-element-47719c1\" data-id=\"47719c1\" data-element_type=\"column\" data-e-type=\"column\">\n\t\t\t<div class=\"elementor-widget-wrap elementor-element-populated\">\n\t\t\t\t\t\t<div class=\"elementor-element elementor-element-427be69 elementor-widget elementor-widget-image\" data-id=\"427be69\" data-element_type=\"widget\" data-e-type=\"widget\" data-widget_type=\"image.default\">\n\t\t\t\t<div class=\"elementor-widget-container\">\n\t\t\t\t\t\t\t\t\t\t\t\t\t\t\t<img loading=\"lazy\" decoding=\"async\" width=\"1024\" height=\"768\" src=\"https:\/\/location-rosas-espagne.com\/wp-content\/uploads\/2020\/12\/Photo-3102chambre1-pourWP.jpg\" class=\"attachment-large size-large wp-image-351\" alt=\"\" srcset=\"https:\/\/location-rosas-espagne.com\/wp-content\/uploads\/2020\/12\/Photo-3102chambre1-pourWP.jpg 1024w, https:\/\/location-rosas-espagne.com\/wp-content\/uploads\/2020\/12\/Photo-3102chambre1-pourWP-300x225.jpg 300w, https:\/\/location-rosas-espagne.com\/wp-content\/uploads\/2020\/12\/Photo-3102chambre1-pourWP-768x576.jpg 768w\" sizes=\"(max-width: 1024px) 100vw, 1024px\" \/>\t\t\t\t\t\t\t\t\t\t\t\t\t\t\t<\/div>\n\t\t\t\t<\/div>\n\t\t\t\t\t<\/div>\n\t\t<\/div>\n\t\t\t\t<div class=\"elementor-column elementor-col-50 elementor-top-column elementor-element elementor-element-4cf678c\" data-id=\"4cf678c\" data-element_type=\"column\" data-e-type=\"column\">\n\t\t\t<div class=\"elementor-widget-wrap elementor-element-populated\">\n\t\t\t\t\t\t<div class=\"elementor-element elementor-element-f189b34 elementor-widget elementor-widget-image\" data-id=\"f189b34\" data-element_type=\"widget\" data-e-type=\"widget\" data-widget_type=\"image.default\">\n\t\t\t\t<div class=\"elementor-widget-container\">\n\t\t\t\t\t\t\t\t\t\t\t\t\t\t\t<img loading=\"lazy\" decoding=\"async\" width=\"270\" height=\"202\" src=\"https:\/\/location-rosas-espagne.com\/wp-content\/uploads\/2020\/12\/photo-3102-chambre3-pour-WP.jpg\" class=\"attachment-large size-large wp-image-353\" alt=\"\" \/>\t\t\t\t\t\t\t\t\t\t\t\t\t\t\t<\/div>\n\t\t\t\t<\/div>\n\t\t\t\t\t<\/div>\n\t\t<\/div>\n\t\t\t\t\t<\/div>\n\t\t<\/section>\n\t\t\t\t<section class=\"elementor-section elementor-top-section elementor-element elementor-element-8e84678 elementor-section-boxed elementor-section-height-default elementor-section-height-default\" data-id=\"8e84678\" data-element_type=\"section\" data-e-type=\"section\">\n\t\t\t\t\t\t<div class=\"elementor-container elementor-column-gap-default\">\n\t\t\t\t\t<div class=\"elementor-column elementor-col-50 elementor-top-column elementor-element elementor-element-5027587\" data-id=\"5027587\" data-element_type=\"column\" data-e-type=\"column\">\n\t\t\t<div class=\"elementor-widget-wrap elementor-element-populated\">\n\t\t\t\t\t\t<div class=\"elementor-element elementor-element-4f56507 elementor-widget elementor-widget-image\" data-id=\"4f56507\" data-element_type=\"widget\" data-e-type=\"widget\" data-widget_type=\"image.default\">\n\t\t\t\t<div class=\"elementor-widget-container\">\n\t\t\t\t\t\t\t\t\t\t\t\t\t\t\t<img loading=\"lazy\" decoding=\"async\" width=\"270\" height=\"202\" src=\"https:\/\/location-rosas-espagne.com\/wp-content\/uploads\/2020\/12\/Photo-3102-lavabo-douche-hydrojet-pour-WP.jpg\" class=\"attachment-large size-large wp-image-362\" alt=\"\" \/>\t\t\t\t\t\t\t\t\t\t\t\t\t\t\t<\/div>\n\t\t\t\t<\/div>\n\t\t\t\t\t<\/div>\n\t\t<\/div>\n\t\t\t\t<div class=\"elementor-column elementor-col-50 elementor-top-column elementor-element elementor-element-2322abf\" data-id=\"2322abf\" data-element_type=\"column\" data-e-type=\"column\">\n\t\t\t<div class=\"elementor-widget-wrap elementor-element-populated\">\n\t\t\t\t\t\t<div class=\"elementor-element elementor-element-28435a9 elementor-widget elementor-widget-image\" data-id=\"28435a9\" data-element_type=\"widget\" data-e-type=\"widget\" data-widget_type=\"image.default\">\n\t\t\t\t<div class=\"elementor-widget-container\">\n\t\t\t\t\t\t\t\t\t\t\t\t\t\t\t<img loading=\"lazy\" decoding=\"async\" width=\"270\" height=\"202\" src=\"https:\/\/location-rosas-espagne.com\/wp-content\/uploads\/2020\/12\/Photo-3102.wc-salle-de-bains-pourWP.jpg\" class=\"attachment-large size-large wp-image-363\" alt=\"\" \/>\t\t\t\t\t\t\t\t\t\t\t\t\t\t\t<\/div>\n\t\t\t\t<\/div>\n\t\t\t\t\t<\/div>\n\t\t<\/div>\n\t\t\t\t\t<\/div>\n\t\t<\/section>\n\t\t\t\t<section class=\"elementor-section elementor-top-section elementor-element elementor-element-14b1104 elementor-section-boxed elementor-section-height-default elementor-section-height-default\" data-id=\"14b1104\" data-element_type=\"section\" data-e-type=\"section\">\n\t\t\t\t\t\t<div class=\"elementor-container elementor-column-gap-default\">\n\t\t\t\t\t<div class=\"elementor-column elementor-col-50 elementor-top-column elementor-element elementor-element-e8a244a\" data-id=\"e8a244a\" data-element_type=\"column\" data-e-type=\"column\">\n\t\t\t<div class=\"elementor-widget-wrap elementor-element-populated\">\n\t\t\t\t\t\t<div class=\"elementor-element elementor-element-71169a0 elementor-widget elementor-widget-image\" data-id=\"71169a0\" data-element_type=\"widget\" data-e-type=\"widget\" data-widget_type=\"image.default\">\n\t\t\t\t<div class=\"elementor-widget-container\">\n\t\t\t\t\t\t\t\t\t\t\t\t\t\t\t<img loading=\"lazy\" decoding=\"async\" width=\"1024\" height=\"768\" src=\"https:\/\/location-rosas-espagne.com\/wp-content\/uploads\/2025\/01\/RHC-Bloc-3-Renove-Hernandez-2023-11-04.jpg\" class=\"attachment-large size-large wp-image-1675\" alt=\"\" srcset=\"https:\/\/location-rosas-espagne.com\/wp-content\/uploads\/2025\/01\/RHC-Bloc-3-Renove-Hernandez-2023-11-04.jpg 1024w, https:\/\/location-rosas-espagne.com\/wp-content\/uploads\/2025\/01\/RHC-Bloc-3-Renove-Hernandez-2023-11-04-300x225.jpg 300w, https:\/\/location-rosas-espagne.com\/wp-content\/uploads\/2025\/01\/RHC-Bloc-3-Renove-Hernandez-2023-11-04-768x576.jpg 768w\" sizes=\"(max-width: 1024px) 100vw, 1024px\" \/>\t\t\t\t\t\t\t\t\t\t\t\t\t\t\t<\/div>\n\t\t\t\t<\/div>\n\t\t\t\t\t<\/div>\n\t\t<\/div>\n\t\t\t\t<div class=\"elementor-column elementor-col-50 elementor-top-column elementor-element elementor-element-9f56d6c\" data-id=\"9f56d6c\" data-element_type=\"column\" data-e-type=\"column\">\n\t\t\t<div class=\"elementor-widget-wrap elementor-element-populated\">\n\t\t\t\t\t\t<div class=\"elementor-element elementor-element-beac921 elementor-widget elementor-widget-image\" data-id=\"beac921\" data-element_type=\"widget\" data-e-type=\"widget\" data-widget_type=\"image.default\">\n\t\t\t\t<div class=\"elementor-widget-container\">\n\t\t\t\t\t\t\t\t\t\t\t\t\t\t\t<img loading=\"lazy\" decoding=\"async\" width=\"270\" height=\"202\" src=\"https:\/\/location-rosas-espagne.com\/wp-content\/uploads\/2020\/12\/3102-photo-terrasse-pour-WP.jpg\" class=\"attachment-large size-large wp-image-367\" alt=\"\" \/>\t\t\t\t\t\t\t\t\t\t\t\t\t\t\t<\/div>\n\t\t\t\t<\/div>\n\t\t\t\t\t<\/div>\n\t\t<\/div>\n\t\t\t\t\t<\/div>\n\t\t<\/section>\n\t\t\t\t<\/div>\n\t\t","protected":false},"excerpt":{"rendered":"","protected":false},"author":1,"featured_media":0,"parent":0,"menu_order":0,"comment_status":"closed","ping_status":"closed","template":"elementor_header_footer","meta":{"ocean_post_layout":"","ocean_both_sidebars_style":"","ocean_both_sidebars_content_width":0,"ocean_both_sidebars_sidebars_width":0,"ocean_sidebar":"","ocean_second_sidebar":"","ocean_disable_margins":"enable","ocean_add_body_class":"","ocean_shortcode_before_top_bar":"","ocean_shortcode_after_top_bar":"","ocean_shortcode_before_header":"","ocean_shortcode_after_header":"","ocean_has_shortcode":"","ocean_shortcode_after_title":"","ocean_shortcode_before_footer_widgets":"","ocean_shortcode_after_footer_widgets":"","ocean_shortcode_before_footer_bottom":"","ocean_shortcode_after_footer_bottom":"","ocean_display_top_bar":"default","ocean_display_header":"default","ocean_header_style":"","ocean_center_header_left_menu":"","ocean_custom_header_template":"","ocean_custom_logo":0,"ocean_custom_retina_logo":0,"ocean_custom_logo_max_width":0,"ocean_custom_logo_tablet_max_width":0,"ocean_custom_logo_mobile_max_width":0,"ocean_custom_logo_max_height":0,"ocean_custom_logo_tablet_max_height":0,"ocean_custom_logo_mobile_max_height":0,"ocean_header_custom_menu":"","ocean_menu_typo_font_family":"","ocean_menu_typo_font_subset":"","ocean_menu_typo_font_size":0,"ocean_menu_typo_font_size_tablet":0,"ocean_menu_typo_font_size_mobile":0,"ocean_menu_typo_font_size_unit":"px","ocean_menu_typo_font_weight":"","ocean_menu_typo_font_weight_tablet":"","ocean_menu_typo_font_weight_mobile":"","ocean_menu_typo_transform":"","ocean_menu_typo_transform_tablet":"","ocean_menu_typo_transform_mobile":"","ocean_menu_typo_line_height":0,"ocean_menu_typo_line_height_tablet":0,"ocean_menu_typo_line_height_mobile":0,"ocean_menu_typo_line_height_unit":"","ocean_menu_typo_spacing":0,"ocean_menu_typo_spacing_tablet":0,"ocean_menu_typo_spacing_mobile":0,"ocean_menu_typo_spacing_unit":"","ocean_menu_link_color":"","ocean_menu_link_color_hover":"","ocean_menu_link_color_active":"","ocean_menu_link_background":"","ocean_menu_link_hover_background":"","ocean_menu_link_active_background":"","ocean_menu_social_links_bg":"","ocean_menu_social_hover_links_bg":"","ocean_menu_social_links_color":"","ocean_menu_social_hover_links_color":"","ocean_disable_title":"default","ocean_disable_heading":"default","ocean_post_title":"","ocean_post_subheading":"","ocean_post_title_style":"","ocean_post_title_background_color":"","ocean_post_title_background":0,"ocean_post_title_bg_image_position":"","ocean_post_title_bg_image_attachment":"","ocean_post_title_bg_image_repeat":"","ocean_post_title_bg_image_size":"","ocean_post_title_height":0,"ocean_post_title_bg_overlay":0.5,"ocean_post_title_bg_overlay_color":"","ocean_disable_breadcrumbs":"default","ocean_breadcrumbs_color":"","ocean_breadcrumbs_separator_color":"","ocean_breadcrumbs_links_color":"","ocean_breadcrumbs_links_hover_color":"","ocean_display_footer_widgets":"default","ocean_display_footer_bottom":"default","ocean_custom_footer_template":"","footnotes":""},"class_list":["post-129","page","type-page","status-publish","hentry","entry"],"yoast_head":"<!-- This site is optimized with the Yoast SEO plugin v25.3 - https:\/\/yoast.com\/wordpress\/plugins\/seo\/ -->\n<title>Location en Espagne \u00e0 ROSAS - de Particulier \u00e0 Particulier<\/title>\n<meta name=\"description\" content=\"Vos vacances \u00e0 ROSAS dans une R\u00e9sidence de Standing avec piscine au bord de la plage . Votre Location de Particulier \u00e0 Particulier au meilleur prix.\" \/>\n<meta name=\"robots\" content=\"index, follow, max-snippet:-1, max-image-preview:large, max-video-preview:-1\" \/>\n<link rel=\"canonical\" href=\"https:\/\/location-rosas-espagne.com\/index.php\/appartement-1\/\" \/>\n<meta property=\"og:locale\" content=\"fr_FR\" \/>\n<meta property=\"og:type\" content=\"article\" \/>\n<meta property=\"og:title\" content=\"Location en Espagne \u00e0 ROSAS - de Particulier \u00e0 Particulier\" \/>\n<meta property=\"og:description\" content=\"Vos vacances \u00e0 ROSAS dans une R\u00e9sidence de Standing avec piscine au bord de la plage . Votre Location de Particulier \u00e0 Particulier au meilleur prix.\" \/>\n<meta property=\"og:url\" content=\"https:\/\/location-rosas-espagne.com\/index.php\/appartement-1\/\" \/>\n<meta property=\"og:site_name\" content=\"Location \u00e0 Rosas en Espagne\" \/>\n<meta property=\"article:modified_time\" content=\"2025-01-23T09:35:36+00:00\" \/>\n<meta property=\"og:image\" content=\"https:\/\/location-rosas-espagne.com\/wp-content\/uploads\/2020\/12\/Photo3102-cuisine-vue-du-salon-scaled.jpg\" \/>\n\t<meta property=\"og:image:width\" content=\"2560\" \/>\n\t<meta property=\"og:image:height\" content=\"1920\" \/>\n\t<meta property=\"og:image:type\" content=\"image\/jpeg\" \/>\n<meta name=\"twitter:card\" content=\"summary_large_image\" \/>\n<meta name=\"twitter:label1\" content=\"Dur\u00e9e de lecture estim\u00e9e\" \/>\n\t<meta name=\"twitter:data1\" content=\"3 minutes\" \/>\n<script type=\"application\/ld+json\" class=\"yoast-schema-graph\">{\"@context\":\"https:\/\/schema.org\",\"@graph\":[{\"@type\":\"WebPage\",\"@id\":\"https:\/\/location-rosas-espagne.com\/index.php\/appartement-1\/\",\"url\":\"https:\/\/location-rosas-espagne.com\/index.php\/appartement-1\/\",\"name\":\"Location en Espagne \u00e0 ROSAS - de Particulier \u00e0 Particulier\",\"isPartOf\":{\"@id\":\"https:\/\/location-rosas-espagne.com\/#website\"},\"primaryImageOfPage\":{\"@id\":\"https:\/\/location-rosas-espagne.com\/index.php\/appartement-1\/#primaryimage\"},\"image\":{\"@id\":\"https:\/\/location-rosas-espagne.com\/index.php\/appartement-1\/#primaryimage\"},\"thumbnailUrl\":\"https:\/\/location-rosas-espagne.com\/wp-content\/uploads\/2020\/12\/Photo3102-cuisine-vue-du-salon-1024x768.jpg\",\"datePublished\":\"2020-12-08T09:57:00+00:00\",\"dateModified\":\"2025-01-23T09:35:36+00:00\",\"description\":\"Vos vacances \u00e0 ROSAS dans une R\u00e9sidence de Standing avec piscine au bord de la plage . Votre Location de Particulier \u00e0 Particulier au meilleur prix.\",\"breadcrumb\":{\"@id\":\"https:\/\/location-rosas-espagne.com\/index.php\/appartement-1\/#breadcrumb\"},\"inLanguage\":\"fr-FR\",\"potentialAction\":[{\"@type\":\"ReadAction\",\"target\":[\"https:\/\/location-rosas-espagne.com\/index.php\/appartement-1\/\"]}]},{\"@type\":\"ImageObject\",\"inLanguage\":\"fr-FR\",\"@id\":\"https:\/\/location-rosas-espagne.com\/index.php\/appartement-1\/#primaryimage\",\"url\":\"https:\/\/location-rosas-espagne.com\/wp-content\/uploads\/2020\/12\/Photo3102-cuisine-vue-du-salon-1024x768.jpg\",\"contentUrl\":\"https:\/\/location-rosas-espagne.com\/wp-content\/uploads\/2020\/12\/Photo3102-cuisine-vue-du-salon-1024x768.jpg\"},{\"@type\":\"BreadcrumbList\",\"@id\":\"https:\/\/location-rosas-espagne.com\/index.php\/appartement-1\/#breadcrumb\",\"itemListElement\":[{\"@type\":\"ListItem\",\"position\":1,\"name\":\"Accueil\",\"item\":\"https:\/\/location-rosas-espagne.com\/\"},{\"@type\":\"ListItem\",\"position\":2,\"name\":\"APPARTEMENT 1\"}]},{\"@type\":\"WebSite\",\"@id\":\"https:\/\/location-rosas-espagne.com\/#website\",\"url\":\"https:\/\/location-rosas-espagne.com\/\",\"name\":\"Location \u00e0 Rosas en Espagne\",\"description\":\"Location de Particulier \u00e0 Particulier\",\"potentialAction\":[{\"@type\":\"SearchAction\",\"target\":{\"@type\":\"EntryPoint\",\"urlTemplate\":\"https:\/\/location-rosas-espagne.com\/?s={search_term_string}\"},\"query-input\":{\"@type\":\"PropertyValueSpecification\",\"valueRequired\":true,\"valueName\":\"search_term_string\"}}],\"inLanguage\":\"fr-FR\"}]}<\/script>\n<!-- \/ Yoast SEO plugin. -->","yoast_head_json":{"title":"Location en Espagne \u00e0 ROSAS - de Particulier \u00e0 Particulier","description":"Vos vacances \u00e0 ROSAS dans une R\u00e9sidence de Standing avec piscine au bord de la plage . Votre Location de Particulier \u00e0 Particulier au meilleur prix.","robots":{"index":"index","follow":"follow","max-snippet":"max-snippet:-1","max-image-preview":"max-image-preview:large","max-video-preview":"max-video-preview:-1"},"canonical":"https:\/\/location-rosas-espagne.com\/index.php\/appartement-1\/","og_locale":"fr_FR","og_type":"article","og_title":"Location en Espagne \u00e0 ROSAS - de Particulier \u00e0 Particulier","og_description":"Vos vacances \u00e0 ROSAS dans une R\u00e9sidence de Standing avec piscine au bord de la plage . Votre Location de Particulier \u00e0 Particulier au meilleur prix.","og_url":"https:\/\/location-rosas-espagne.com\/index.php\/appartement-1\/","og_site_name":"Location \u00e0 Rosas en Espagne","article_modified_time":"2025-01-23T09:35:36+00:00","og_image":[{"width":2560,"height":1920,"url":"https:\/\/location-rosas-espagne.com\/wp-content\/uploads\/2020\/12\/Photo3102-cuisine-vue-du-salon-scaled.jpg","type":"image\/jpeg"}],"twitter_card":"summary_large_image","twitter_misc":{"Dur\u00e9e de lecture estim\u00e9e":"3 minutes"},"schema":{"@context":"https:\/\/schema.org","@graph":[{"@type":"WebPage","@id":"https:\/\/location-rosas-espagne.com\/index.php\/appartement-1\/","url":"https:\/\/location-rosas-espagne.com\/index.php\/appartement-1\/","name":"Location en Espagne \u00e0 ROSAS - de Particulier \u00e0 Particulier","isPartOf":{"@id":"https:\/\/location-rosas-espagne.com\/#website"},"primaryImageOfPage":{"@id":"https:\/\/location-rosas-espagne.com\/index.php\/appartement-1\/#primaryimage"},"image":{"@id":"https:\/\/location-rosas-espagne.com\/index.php\/appartement-1\/#primaryimage"},"thumbnailUrl":"https:\/\/location-rosas-espagne.com\/wp-content\/uploads\/2020\/12\/Photo3102-cuisine-vue-du-salon-1024x768.jpg","datePublished":"2020-12-08T09:57:00+00:00","dateModified":"2025-01-23T09:35:36+00:00","description":"Vos vacances \u00e0 ROSAS dans une R\u00e9sidence de Standing avec piscine au bord de la plage . Votre Location de Particulier \u00e0 Particulier au meilleur prix.","breadcrumb":{"@id":"https:\/\/location-rosas-espagne.com\/index.php\/appartement-1\/#breadcrumb"},"inLanguage":"fr-FR","potentialAction":[{"@type":"ReadAction","target":["https:\/\/location-rosas-espagne.com\/index.php\/appartement-1\/"]}]},{"@type":"ImageObject","inLanguage":"fr-FR","@id":"https:\/\/location-rosas-espagne.com\/index.php\/appartement-1\/#primaryimage","url":"https:\/\/location-rosas-espagne.com\/wp-content\/uploads\/2020\/12\/Photo3102-cuisine-vue-du-salon-1024x768.jpg","contentUrl":"https:\/\/location-rosas-espagne.com\/wp-content\/uploads\/2020\/12\/Photo3102-cuisine-vue-du-salon-1024x768.jpg"},{"@type":"BreadcrumbList","@id":"https:\/\/location-rosas-espagne.com\/index.php\/appartement-1\/#breadcrumb","itemListElement":[{"@type":"ListItem","position":1,"name":"Accueil","item":"https:\/\/location-rosas-espagne.com\/"},{"@type":"ListItem","position":2,"name":"APPARTEMENT 1"}]},{"@type":"WebSite","@id":"https:\/\/location-rosas-espagne.com\/#website","url":"https:\/\/location-rosas-espagne.com\/","name":"Location \u00e0 Rosas en Espagne","description":"Location de Particulier \u00e0 Particulier","potentialAction":[{"@type":"SearchAction","target":{"@type":"EntryPoint","urlTemplate":"https:\/\/location-rosas-espagne.com\/?s={search_term_string}"},"query-input":{"@type":"PropertyValueSpecification","valueRequired":true,"valueName":"search_term_string"}}],"inLanguage":"fr-FR"}]}},"_links":{"self":[{"href":"https:\/\/location-rosas-espagne.com\/index.php\/wp-json\/wp\/v2\/pages\/129","targetHints":{"allow":["GET"]}}],"collection":[{"href":"https:\/\/location-rosas-espagne.com\/index.php\/wp-json\/wp\/v2\/pages"}],"about":[{"href":"https:\/\/location-rosas-espagne.com\/index.php\/wp-json\/wp\/v2\/types\/page"}],"author":[{"embeddable":true,"href":"https:\/\/location-rosas-espagne.com\/index.php\/wp-json\/wp\/v2\/users\/1"}],"replies":[{"embeddable":true,"href":"https:\/\/location-rosas-espagne.com\/index.php\/wp-json\/wp\/v2\/comments?post=129"}],"version-history":[{"count":56,"href":"https:\/\/location-rosas-espagne.com\/index.php\/wp-json\/wp\/v2\/pages\/129\/revisions"}],"predecessor-version":[{"id":1678,"href":"https:\/\/location-rosas-espagne.com\/index.php\/wp-json\/wp\/v2\/pages\/129\/revisions\/1678"}],"wp:attachment":[{"href":"https:\/\/location-rosas-espagne.com\/index.php\/wp-json\/wp\/v2\/media?parent=129"}],"curies":[{"name":"wp","href":"https:\/\/api.w.org\/{rel}","templated":true}]}}