{"id":152,"date":"2020-12-08T10:13:46","date_gmt":"2020-12-08T10:13:46","guid":{"rendered":"https:\/\/locationrosasespagne.monsite.uno\/?page_id=152"},"modified":"2025-01-23T08:47:19","modified_gmt":"2025-01-23T08:47:19","slug":"tarifs","status":"publish","type":"page","link":"https:\/\/location-rosas-espagne.com\/index.php\/tarifs\/","title":{"rendered":"TARIFS 1"},"content":{"rendered":"\t\t<div data-elementor-type=\"wp-page\" data-elementor-id=\"152\" class=\"elementor elementor-152\">\n\t\t\t\t\t\t<section class=\"elementor-section elementor-top-section elementor-element elementor-element-6614b3e elementor-section-boxed elementor-section-height-default elementor-section-height-default\" data-id=\"6614b3e\" data-element_type=\"section\" data-e-type=\"section\">\n\t\t\t\t\t\t<div class=\"elementor-container elementor-column-gap-default\">\n\t\t\t\t\t<div class=\"elementor-column elementor-col-100 elementor-top-column elementor-element elementor-element-e4f4b53\" data-id=\"e4f4b53\" data-element_type=\"column\" data-e-type=\"column\">\n\t\t\t<div class=\"elementor-widget-wrap elementor-element-populated\">\n\t\t\t\t\t\t\t<\/div>\n\t\t<\/div>\n\t\t\t\t\t<\/div>\n\t\t<\/section>\n\t\t\t\t<section class=\"elementor-section elementor-top-section elementor-element elementor-element-cbb3e4b elementor-section-height-min-height elementor-section-boxed elementor-section-height-default elementor-section-items-middle\" data-id=\"cbb3e4b\" data-element_type=\"section\" data-e-type=\"section\">\n\t\t\t\t\t\t<div class=\"elementor-container elementor-column-gap-default\">\n\t\t\t\t\t<div class=\"elementor-column elementor-col-100 elementor-top-column elementor-element elementor-element-47f1e06\" data-id=\"47f1e06\" data-element_type=\"column\" data-e-type=\"column\">\n\t\t\t<div class=\"elementor-widget-wrap elementor-element-populated\">\n\t\t\t\t\t\t<div class=\"elementor-element elementor-element-7fe2f38 elementor-widget elementor-widget-text-editor\" data-id=\"7fe2f38\" data-element_type=\"widget\" data-e-type=\"widget\" data-widget_type=\"text-editor.default\">\n\t\t\t\t<div class=\"elementor-widget-container\">\n\t\t\t\t\t\t\t\t\t<h2>TARIFS APPARTEMENT 1\u00a0<\/h2><h1><span style=\"font-size: 14px; color: var( --e-global-color-text );\">CONTACT T\u00e9l:: +33 648 10 49 79 (international)\u00a0 \u00a0 \u00a0 T\u00e9l FRANCE: 06 48 10 49 79\u00a0 \u00a0Mail: marcpieton@yahoo.fr<\/span><\/h1>\t\t\t\t\t\t\t\t<\/div>\n\t\t\t\t<\/div>\n\t\t\t\t\t<\/div>\n\t\t<\/div>\n\t\t\t\t\t<\/div>\n\t\t<\/section>\n\t\t\t\t<section class=\"elementor-section elementor-top-section elementor-element elementor-element-336d07c elementor-section-boxed elementor-section-height-default elementor-section-height-default\" data-id=\"336d07c\" data-element_type=\"section\" data-e-type=\"section\">\n\t\t\t\t\t\t<div class=\"elementor-container elementor-column-gap-default\">\n\t\t\t\t\t<div class=\"elementor-column elementor-col-100 elementor-top-column elementor-element elementor-element-9ccbf23\" data-id=\"9ccbf23\" data-element_type=\"column\" data-e-type=\"column\">\n\t\t\t<div class=\"elementor-widget-wrap elementor-element-populated\">\n\t\t\t\t\t\t<div class=\"elementor-element elementor-element-b32dbc7 elementor-widget elementor-widget-image\" data-id=\"b32dbc7\" data-element_type=\"widget\" data-e-type=\"widget\" data-widget_type=\"image.default\">\n\t\t\t\t<div class=\"elementor-widget-container\">\n\t\t\t\t\t\t\t\t\t\t\t\t\t\t\t<img fetchpriority=\"high\" decoding=\"async\" width=\"1024\" height=\"724\" src=\"https:\/\/location-rosas-espagne.com\/wp-content\/uploads\/2025\/01\/Tableau-Tarif-3102-de-2025--1024x724.png\" class=\"attachment-large size-large wp-image-1665\" alt=\"\" srcset=\"https:\/\/location-rosas-espagne.com\/wp-content\/uploads\/2025\/01\/Tableau-Tarif-3102-de-2025--1024x724.png 1024w, https:\/\/location-rosas-espagne.com\/wp-content\/uploads\/2025\/01\/Tableau-Tarif-3102-de-2025--300x212.png 300w, https:\/\/location-rosas-espagne.com\/wp-content\/uploads\/2025\/01\/Tableau-Tarif-3102-de-2025--768x543.png 768w, https:\/\/location-rosas-espagne.com\/wp-content\/uploads\/2025\/01\/Tableau-Tarif-3102-de-2025-.png 1124w\" sizes=\"(max-width: 1024px) 100vw, 1024px\" \/>\t\t\t\t\t\t\t\t\t\t\t\t\t\t\t<\/div>\n\t\t\t\t<\/div>\n\t\t\t\t\t<\/div>\n\t\t<\/div>\n\t\t\t\t\t<\/div>\n\t\t<\/section>\n\t\t\t\t<section class=\"elementor-section elementor-top-section elementor-element elementor-element-4980605 elementor-section-boxed elementor-section-height-default elementor-section-height-default\" data-id=\"4980605\" data-element_type=\"section\" data-e-type=\"section\">\n\t\t\t\t\t\t<div class=\"elementor-container elementor-column-gap-default\">\n\t\t\t\t\t<div class=\"elementor-column elementor-col-100 elementor-top-column elementor-element elementor-element-41ef7a3\" data-id=\"41ef7a3\" data-element_type=\"column\" data-e-type=\"column\">\n\t\t\t<div class=\"elementor-widget-wrap elementor-element-populated\">\n\t\t\t\t\t\t<div class=\"elementor-element elementor-element-4e33d22 elementor-widget elementor-widget-image\" data-id=\"4e33d22\" data-element_type=\"widget\" data-e-type=\"widget\" data-widget_type=\"image.default\">\n\t\t\t\t<div class=\"elementor-widget-container\">\n\t\t\t\t\t\t\t\t\t\t\t\t\t\t\t<img decoding=\"async\" src=\"https:\/\/location-rosas-espagne.com\/wp-content\/uploads\/2025\/01\/Tableau-Tarif-3102-de-2025-.ods\" title=\"\" alt=\"\" loading=\"lazy\" \/>\t\t\t\t\t\t\t\t\t\t\t\t\t\t\t<\/div>\n\t\t\t\t<\/div>\n\t\t\t\t\t<\/div>\n\t\t<\/div>\n\t\t\t\t\t<\/div>\n\t\t<\/section>\n\t\t\t\t<\/div>\n\t\t","protected":false},"excerpt":{"rendered":"<p>TARIFS APPARTEMENT 1\u00a0 CONTACT T\u00e9l:: +33 648 10 49 79 (international)\u00a0 \u00a0 \u00a0 T\u00e9l FRANCE: 06 48 10 49 79\u00a0 \u00a0Mail: marcpieton@yahoo.fr<\/p>\n","protected":false},"author":1,"featured_media":0,"parent":0,"menu_order":0,"comment_status":"closed","ping_status":"closed","template":"elementor_header_footer","meta":{"ocean_post_layout":"","ocean_both_sidebars_style":"","ocean_both_sidebars_content_width":0,"ocean_both_sidebars_sidebars_width":0,"ocean_sidebar":"","ocean_second_sidebar":"","ocean_disable_margins":"enable","ocean_add_body_class":"","ocean_shortcode_before_top_bar":"","ocean_shortcode_after_top_bar":"","ocean_shortcode_before_header":"","ocean_shortcode_after_header":"","ocean_has_shortcode":"","ocean_shortcode_after_title":"","ocean_shortcode_before_footer_widgets":"","ocean_shortcode_after_footer_widgets":"","ocean_shortcode_before_footer_bottom":"","ocean_shortcode_after_footer_bottom":"","ocean_display_top_bar":"default","ocean_display_header":"default","ocean_header_style":"","ocean_center_header_left_menu":"","ocean_custom_header_template":"","ocean_custom_logo":0,"ocean_custom_retina_logo":0,"ocean_custom_logo_max_width":0,"ocean_custom_logo_tablet_max_width":0,"ocean_custom_logo_mobile_max_width":0,"ocean_custom_logo_max_height":0,"ocean_custom_logo_tablet_max_height":0,"ocean_custom_logo_mobile_max_height":0,"ocean_header_custom_menu":"","ocean_menu_typo_font_family":"","ocean_menu_typo_font_subset":"","ocean_menu_typo_font_size":0,"ocean_menu_typo_font_size_tablet":0,"ocean_menu_typo_font_size_mobile":0,"ocean_menu_typo_font_size_unit":"px","ocean_menu_typo_font_weight":"","ocean_menu_typo_font_weight_tablet":"","ocean_menu_typo_font_weight_mobile":"","ocean_menu_typo_transform":"","ocean_menu_typo_transform_tablet":"","ocean_menu_typo_transform_mobile":"","ocean_menu_typo_line_height":0,"ocean_menu_typo_line_height_tablet":0,"ocean_menu_typo_line_height_mobile":0,"ocean_menu_typo_line_height_unit":"","ocean_menu_typo_spacing":0,"ocean_menu_typo_spacing_tablet":0,"ocean_menu_typo_spacing_mobile":0,"ocean_menu_typo_spacing_unit":"","ocean_menu_link_color":"","ocean_menu_link_color_hover":"","ocean_menu_link_color_active":"","ocean_menu_link_background":"","ocean_menu_link_hover_background":"","ocean_menu_link_active_background":"","ocean_menu_social_links_bg":"","ocean_menu_social_hover_links_bg":"","ocean_menu_social_links_color":"","ocean_menu_social_hover_links_color":"","ocean_disable_title":"default","ocean_disable_heading":"default","ocean_post_title":"","ocean_post_subheading":"","ocean_post_title_style":"","ocean_post_title_background_color":"","ocean_post_title_background":0,"ocean_post_title_bg_image_position":"","ocean_post_title_bg_image_attachment":"","ocean_post_title_bg_image_repeat":"","ocean_post_title_bg_image_size":"","ocean_post_title_height":0,"ocean_post_title_bg_overlay":0.5,"ocean_post_title_bg_overlay_color":"","ocean_disable_breadcrumbs":"default","ocean_breadcrumbs_color":"","ocean_breadcrumbs_separator_color":"","ocean_breadcrumbs_links_color":"","ocean_breadcrumbs_links_hover_color":"","ocean_display_footer_widgets":"default","ocean_display_footer_bottom":"default","ocean_custom_footer_template":"","footnotes":""},"class_list":["post-152","page","type-page","status-publish","hentry","entry"],"yoast_head":"<!-- This site is optimized with the Yoast SEO plugin v25.3 - https:\/\/yoast.com\/wordpress\/plugins\/seo\/ -->\n<title>Location en Espagne \u00e0 ROSAS - de Particulier \u00e0 Particulier<\/title>\n<meta name=\"description\" content=\"Vos vacances \u00e0 ROSAS dans une R\u00e9sidence de Standing avec piscine au bord de la plage . Votre Location de Particulier \u00e0 Particulier au meilleur prix.\" \/>\n<meta name=\"robots\" content=\"index, follow, max-snippet:-1, max-image-preview:large, max-video-preview:-1\" \/>\n<link rel=\"canonical\" href=\"https:\/\/location-rosas-espagne.com\/index.php\/tarifs\/\" \/>\n<meta property=\"og:locale\" content=\"fr_FR\" \/>\n<meta property=\"og:type\" content=\"article\" \/>\n<meta property=\"og:title\" content=\"Location en Espagne \u00e0 ROSAS - de Particulier \u00e0 Particulier\" \/>\n<meta property=\"og:description\" content=\"Vos vacances \u00e0 ROSAS dans une R\u00e9sidence de Standing avec piscine au bord de la plage . Votre Location de Particulier \u00e0 Particulier au meilleur prix.\" \/>\n<meta property=\"og:url\" content=\"https:\/\/location-rosas-espagne.com\/index.php\/tarifs\/\" \/>\n<meta property=\"og:site_name\" content=\"Location \u00e0 Rosas en Espagne\" \/>\n<meta property=\"article:modified_time\" content=\"2025-01-23T08:47:19+00:00\" \/>\n<meta property=\"og:image\" content=\"https:\/\/location-rosas-espagne.com\/wp-content\/uploads\/2025\/01\/Tableau-Tarif-3102-de-2025-.png\" \/>\n\t<meta property=\"og:image:width\" content=\"1124\" \/>\n\t<meta property=\"og:image:height\" content=\"795\" \/>\n\t<meta property=\"og:image:type\" content=\"image\/png\" \/>\n<meta name=\"twitter:card\" content=\"summary_large_image\" \/>\n<meta name=\"twitter:label1\" content=\"Dur\u00e9e de lecture estim\u00e9e\" \/>\n\t<meta name=\"twitter:data1\" content=\"1 minute\" \/>\n<script type=\"application\/ld+json\" class=\"yoast-schema-graph\">{\"@context\":\"https:\/\/schema.org\",\"@graph\":[{\"@type\":\"WebPage\",\"@id\":\"https:\/\/location-rosas-espagne.com\/index.php\/tarifs\/\",\"url\":\"https:\/\/location-rosas-espagne.com\/index.php\/tarifs\/\",\"name\":\"Location en Espagne \u00e0 ROSAS - de Particulier \u00e0 Particulier\",\"isPartOf\":{\"@id\":\"https:\/\/location-rosas-espagne.com\/#website\"},\"primaryImageOfPage\":{\"@id\":\"https:\/\/location-rosas-espagne.com\/index.php\/tarifs\/#primaryimage\"},\"image\":{\"@id\":\"https:\/\/location-rosas-espagne.com\/index.php\/tarifs\/#primaryimage\"},\"thumbnailUrl\":\"https:\/\/location-rosas-espagne.com\/wp-content\/uploads\/2025\/01\/Tableau-Tarif-3102-de-2025--1024x724.png\",\"datePublished\":\"2020-12-08T10:13:46+00:00\",\"dateModified\":\"2025-01-23T08:47:19+00:00\",\"description\":\"Vos vacances \u00e0 ROSAS dans une R\u00e9sidence de Standing avec piscine au bord de la plage . Votre Location de Particulier \u00e0 Particulier au meilleur prix.\",\"breadcrumb\":{\"@id\":\"https:\/\/location-rosas-espagne.com\/index.php\/tarifs\/#breadcrumb\"},\"inLanguage\":\"fr-FR\",\"potentialAction\":[{\"@type\":\"ReadAction\",\"target\":[\"https:\/\/location-rosas-espagne.com\/index.php\/tarifs\/\"]}]},{\"@type\":\"ImageObject\",\"inLanguage\":\"fr-FR\",\"@id\":\"https:\/\/location-rosas-espagne.com\/index.php\/tarifs\/#primaryimage\",\"url\":\"https:\/\/location-rosas-espagne.com\/wp-content\/uploads\/2025\/01\/Tableau-Tarif-3102-de-2025-.png\",\"contentUrl\":\"https:\/\/location-rosas-espagne.com\/wp-content\/uploads\/2025\/01\/Tableau-Tarif-3102-de-2025-.png\",\"width\":1124,\"height\":795},{\"@type\":\"BreadcrumbList\",\"@id\":\"https:\/\/location-rosas-espagne.com\/index.php\/tarifs\/#breadcrumb\",\"itemListElement\":[{\"@type\":\"ListItem\",\"position\":1,\"name\":\"Accueil\",\"item\":\"https:\/\/location-rosas-espagne.com\/\"},{\"@type\":\"ListItem\",\"position\":2,\"name\":\"TARIFS 1\"}]},{\"@type\":\"WebSite\",\"@id\":\"https:\/\/location-rosas-espagne.com\/#website\",\"url\":\"https:\/\/location-rosas-espagne.com\/\",\"name\":\"Location \u00e0 Rosas en Espagne\",\"description\":\"Location de Particulier \u00e0 Particulier\",\"potentialAction\":[{\"@type\":\"SearchAction\",\"target\":{\"@type\":\"EntryPoint\",\"urlTemplate\":\"https:\/\/location-rosas-espagne.com\/?s={search_term_string}\"},\"query-input\":{\"@type\":\"PropertyValueSpecification\",\"valueRequired\":true,\"valueName\":\"search_term_string\"}}],\"inLanguage\":\"fr-FR\"}]}<\/script>\n<!-- \/ Yoast SEO plugin. -->","yoast_head_json":{"title":"Location en Espagne \u00e0 ROSAS - de Particulier \u00e0 Particulier","description":"Vos vacances \u00e0 ROSAS dans une R\u00e9sidence de Standing avec piscine au bord de la plage . Votre Location de Particulier \u00e0 Particulier au meilleur prix.","robots":{"index":"index","follow":"follow","max-snippet":"max-snippet:-1","max-image-preview":"max-image-preview:large","max-video-preview":"max-video-preview:-1"},"canonical":"https:\/\/location-rosas-espagne.com\/index.php\/tarifs\/","og_locale":"fr_FR","og_type":"article","og_title":"Location en Espagne \u00e0 ROSAS - de Particulier \u00e0 Particulier","og_description":"Vos vacances \u00e0 ROSAS dans une R\u00e9sidence de Standing avec piscine au bord de la plage . Votre Location de Particulier \u00e0 Particulier au meilleur prix.","og_url":"https:\/\/location-rosas-espagne.com\/index.php\/tarifs\/","og_site_name":"Location \u00e0 Rosas en Espagne","article_modified_time":"2025-01-23T08:47:19+00:00","og_image":[{"width":1124,"height":795,"url":"https:\/\/location-rosas-espagne.com\/wp-content\/uploads\/2025\/01\/Tableau-Tarif-3102-de-2025-.png","type":"image\/png"}],"twitter_card":"summary_large_image","twitter_misc":{"Dur\u00e9e de lecture estim\u00e9e":"1 minute"},"schema":{"@context":"https:\/\/schema.org","@graph":[{"@type":"WebPage","@id":"https:\/\/location-rosas-espagne.com\/index.php\/tarifs\/","url":"https:\/\/location-rosas-espagne.com\/index.php\/tarifs\/","name":"Location en Espagne \u00e0 ROSAS - de Particulier \u00e0 Particulier","isPartOf":{"@id":"https:\/\/location-rosas-espagne.com\/#website"},"primaryImageOfPage":{"@id":"https:\/\/location-rosas-espagne.com\/index.php\/tarifs\/#primaryimage"},"image":{"@id":"https:\/\/location-rosas-espagne.com\/index.php\/tarifs\/#primaryimage"},"thumbnailUrl":"https:\/\/location-rosas-espagne.com\/wp-content\/uploads\/2025\/01\/Tableau-Tarif-3102-de-2025--1024x724.png","datePublished":"2020-12-08T10:13:46+00:00","dateModified":"2025-01-23T08:47:19+00:00","description":"Vos vacances \u00e0 ROSAS dans une R\u00e9sidence de Standing avec piscine au bord de la plage . Votre Location de Particulier \u00e0 Particulier au meilleur prix.","breadcrumb":{"@id":"https:\/\/location-rosas-espagne.com\/index.php\/tarifs\/#breadcrumb"},"inLanguage":"fr-FR","potentialAction":[{"@type":"ReadAction","target":["https:\/\/location-rosas-espagne.com\/index.php\/tarifs\/"]}]},{"@type":"ImageObject","inLanguage":"fr-FR","@id":"https:\/\/location-rosas-espagne.com\/index.php\/tarifs\/#primaryimage","url":"https:\/\/location-rosas-espagne.com\/wp-content\/uploads\/2025\/01\/Tableau-Tarif-3102-de-2025-.png","contentUrl":"https:\/\/location-rosas-espagne.com\/wp-content\/uploads\/2025\/01\/Tableau-Tarif-3102-de-2025-.png","width":1124,"height":795},{"@type":"BreadcrumbList","@id":"https:\/\/location-rosas-espagne.com\/index.php\/tarifs\/#breadcrumb","itemListElement":[{"@type":"ListItem","position":1,"name":"Accueil","item":"https:\/\/location-rosas-espagne.com\/"},{"@type":"ListItem","position":2,"name":"TARIFS 1"}]},{"@type":"WebSite","@id":"https:\/\/location-rosas-espagne.com\/#website","url":"https:\/\/location-rosas-espagne.com\/","name":"Location \u00e0 Rosas en Espagne","description":"Location de Particulier \u00e0 Particulier","potentialAction":[{"@type":"SearchAction","target":{"@type":"EntryPoint","urlTemplate":"https:\/\/location-rosas-espagne.com\/?s={search_term_string}"},"query-input":{"@type":"PropertyValueSpecification","valueRequired":true,"valueName":"search_term_string"}}],"inLanguage":"fr-FR"}]}},"_links":{"self":[{"href":"https:\/\/location-rosas-espagne.com\/index.php\/wp-json\/wp\/v2\/pages\/152","targetHints":{"allow":["GET"]}}],"collection":[{"href":"https:\/\/location-rosas-espagne.com\/index.php\/wp-json\/wp\/v2\/pages"}],"about":[{"href":"https:\/\/location-rosas-espagne.com\/index.php\/wp-json\/wp\/v2\/types\/page"}],"author":[{"embeddable":true,"href":"https:\/\/location-rosas-espagne.com\/index.php\/wp-json\/wp\/v2\/users\/1"}],"replies":[{"embeddable":true,"href":"https:\/\/location-rosas-espagne.com\/index.php\/wp-json\/wp\/v2\/comments?post=152"}],"version-history":[{"count":151,"href":"https:\/\/location-rosas-espagne.com\/index.php\/wp-json\/wp\/v2\/pages\/152\/revisions"}],"predecessor-version":[{"id":1668,"href":"https:\/\/location-rosas-espagne.com\/index.php\/wp-json\/wp\/v2\/pages\/152\/revisions\/1668"}],"wp:attachment":[{"href":"https:\/\/location-rosas-espagne.com\/index.php\/wp-json\/wp\/v2\/media?parent=152"}],"curies":[{"name":"wp","href":"https:\/\/api.w.org\/{rel}","templated":true}]}}